{"id":1369,"date":"2022-12-09T14:17:41","date_gmt":"2022-12-09T14:17:41","guid":{"rendered":"http:\/\/dummy.xtemos.com\/woodmart2\/mega-electronics-elementor\/?post_type=product&#038;p=1369"},"modified":"2026-03-12T10:05:59","modified_gmt":"2026-03-12T10:05:59","slug":"etiquettes-thermiques-40x20mm-14000","status":"publish","type":"product","link":"https:\/\/packalliance.tn\/en\/product\/etiquettes-thermiques-40x20mm-14000\/","title":{"rendered":"Pack de 7 Rouleaux d&rsquo;\u00c9tiquettes Thermiques 40&#215;20 mm (14 000 \u00c9tiquettes)"},"content":{"rendered":"<div data-elementor-type=\"wp-post\" data-elementor-id=\"1369\" class=\"elementor elementor-1369\">\n\t\t\t\t<div class=\"wd-negative-gap elementor-element elementor-element-288a90c6 e-flex e-con-boxed e-con e-parent\" data-id=\"288a90c6\" data-element_type=\"container\">\n\t\t\t\t\t<div class=\"e-con-inner\">\n\t\t\t\t<div class=\"elementor-element elementor-element-7e41769c wd-width-100 elementor-widget elementor-widget-wd_title\" data-id=\"7e41769c\" data-element_type=\"widget\" data-widget_type=\"wd_title.default\">\n\t\t\t\t<div class=\"elementor-widget-container\">\n\t\t\t\t\t\t\t<div class=\"title-wrapper wd-set-mb reset-last-child wd-title-color-default wd-title-style-default wd-title-size-default text-center\">\n\n\t\t\t\n\t\t\t<div class=\"liner-continer\">\n\t\t\t\t<h4 class=\"woodmart-title-container title wd-fontsize-l\">Logitech G735<\/h4> \n\t\t\t\t\t\t\t<\/div>\n\n\t\t\t\t\t\t\t<div class=\"title-after_title reset-last-child wd-fontsize-xs\">\n\t\t\t\t\t<p>Phenomenal performance for professionals<\/p>\t\t\t\t<\/div>\n\t\t\t\t\t<\/div>\n\t\t\t\t\t\t<\/div>\n\t\t\t\t<\/div>\n\t\t\t\t<div class=\"elementor-element elementor-element-1b610bf0 elementor-widget elementor-widget-wd_image_or_svg\" data-id=\"1b610bf0\" data-element_type=\"widget\" data-widget_type=\"wd_image_or_svg.default\">\n\t\t\t\t<div class=\"elementor-widget-container\">\n\t\t\t\t\t\n\t\t<div class=\"wd-image text-center\">\n\t\t\t\t\t\t\t\t\t\t\t\t\t<\/div>\n\n\t\t\t\t\t\t<\/div>\n\t\t\t\t<\/div>\n\t\t\t\t<div class=\"elementor-element elementor-element-206d87c2 elementor-widget elementor-widget-wd_text_block\" data-id=\"206d87c2\" data-element_type=\"widget\" data-widget_type=\"wd_text_block.default\">\n\t\t\t\t<div class=\"elementor-widget-container\">\n\t\t\t\t\t\t\t<div class=\"wd-text-block reset-last-child text-center\">\n\t\t\t\n\t\t\t<p>A small river named Duden flows by their place and supplies it with the necessary regelialia. It is a paradisematic country, in which roasted parts of sentences fly into your mouth.<\/p>\n\t\t\t\t\t<\/div>\n\t\t\t\t\t\t<\/div>\n\t\t\t\t<\/div>\n\t\t\t\t\t<\/div>\n\t\t\t\t<\/div>\n\t\t<div class=\"wd-negative-gap elementor-element elementor-element-3167fd98 e-flex e-con-boxed e-con e-parent\" data-id=\"3167fd98\" data-element_type=\"container\">\n\t\t\t\t\t<div class=\"e-con-inner\">\n\t\t\t\t<div class=\"elementor-element elementor-element-7f68e823 wd-width-100 elementor-widget elementor-widget-wd_title\" data-id=\"7f68e823\" data-element_type=\"widget\" data-widget_type=\"wd_title.default\">\n\t\t\t\t<div class=\"elementor-widget-container\">\n\t\t\t\t\t\t\t<div class=\"title-wrapper wd-set-mb reset-last-child wd-title-color-default wd-title-style-default wd-title-size-small text-left\">\n\n\t\t\t\n\t\t\t<div class=\"liner-continer\">\n\t\t\t\t<h4 class=\"woodmart-title-container title wd-fontsize-m\">Game-changing fit<\/h4> \n\t\t\t\t\t\t\t<\/div>\n\n\t\t\t\t\t<\/div>\n\t\t\t\t\t\t<\/div>\n\t\t\t\t<\/div>\n\t\t\t\t<div class=\"elementor-element elementor-element-5065260d elementor-widget elementor-widget-wd_text_block\" data-id=\"5065260d\" data-element_type=\"widget\" data-widget_type=\"wd_text_block.default\">\n\t\t\t\t<div class=\"elementor-widget-container\">\n\t\t\t\t\t\t\t<div class=\"wd-text-block reset-last-child text-left\">\n\t\t\t\n\t\t\t<p>The Big Oxmox advised her not to do so, because there were thousands of bad Commas, wild Question Marks and devious Semikoli, but the Little Blind Text didn\u2019t listen. She packed her seven versalia, put her initial into the belt and made herself on the way. When she reached the first hills of the Italic Mountains, she had a last view back on the skyline of her hometown Bookmarksgrove, the headline of Alphabet Village and the subline of her own road, the Line Lane. Pityful a rethoric question ran over her cheek, then.<\/p>\n\t\t\t\t\t<\/div>\n\t\t\t\t\t\t<\/div>\n\t\t\t\t<\/div>\n\t\t\t\t<div class=\"elementor-element elementor-element-2cae7168 elementor-widget elementor-widget-wd_infobox_carousel\" data-id=\"2cae7168\" data-element_type=\"widget\" data-widget_type=\"wd_infobox_carousel.default\">\n\t\t\t\t<div class=\"elementor-widget-container\">\n\t\t\t\t\t\t\t<div class=\"wd-carousel-container info-box-carousel-wrapper\">\n\t\t\t<div class=\"wd-carousel-inner\">\n\t\t\t\t<div class=\"wd-carousel wd-grid info-box-carousel\" data-scroll_per_page=\"yes\" style=\"--wd-col-lg:3;--wd-col-md:2;--wd-col-sm:1;--wd-gap-lg:20px;--wd-gap-sm:10px;\">\n\t\t\t\t\t<div class=\"wd-carousel-wrap\">\n\t\t\t\t\t\t\t\t\t\t\t\t\t\t\t\t\t\t\t\t\t\t<div class=\"info-box-wrapper wd-carousel-item\">\n\t\t\t<div class=\"wd-info-box text-center box-icon-align-top box-style-bg-hover color-scheme-  elementor-repeater-item-4ef6345 color-scheme-hover-dark\">\n\t\t\t\t\t\t\t\t\t<div class=\"box-icon-wrapper  box-with-icon box-icon-simple\">\n\t\t\t\t\t\t<div class=\"info-box-icon\">\n\t\t\t\t\t\t\t\t\t\t\t\t\t\t\t<div class=\"info-svg-wrapper\" style=\"width:64px; height:64px;\"><img  loading=\"lazy\" width=\"64\" height=\"64\"><\/div>\t\t\t\t\t\t\t\t\t\t\t\t\t<\/div>\n\t\t\t\t\t<\/div>\n\t\t\t\t\n\t\t\t\t<div class=\"info-box-content\">\n\t\t\t\t\t\n\t\t\t\t\t\t\t\t\t\t\t<h4\t\t\t\t\t\tclass=\"info-box-title title box-title-style-default wd-fontsize-m\" data-elementor-setting-key=\"title\">\n\t\t\t\t\t\t\t\tUnmatched fit\t\t\t\t\t\t<\/h4>\n\t\t\t\t\t\n\t\t\t\t\t<div class=\"info-box-inner reset-last-child\"data-elementor-setting-key=\"content\"><p>Max comfort for all players include of smaller size<\/p>\n<\/div>\n\n\t\t\t\t\t\t\t\t\t<\/div>\n\n\t\t\t\t\t\t\t<\/div>\n\t\t<\/div>\n\t\t\t\t\t\t\t\t\t\t\t\t\t\t\t\t\t\t\t\t\t\t\t\t<div class=\"info-box-wrapper wd-carousel-item\">\n\t\t\t<div class=\"wd-info-box text-center box-icon-align-top box-style-bg-hover color-scheme-  elementor-repeater-item-fccdcda color-scheme-hover-dark\">\n\t\t\t\t\t\t\t\t\t<div class=\"box-icon-wrapper  box-with-icon box-icon-simple\">\n\t\t\t\t\t\t<div class=\"info-box-icon\">\n\t\t\t\t\t\t\t\t\t\t\t\t\t\t\t<div class=\"info-svg-wrapper\" style=\"width:64px; height:64px;\"><img  loading=\"lazy\" width=\"64\" height=\"64\"><\/div>\t\t\t\t\t\t\t\t\t\t\t\t\t<\/div>\n\t\t\t\t\t<\/div>\n\t\t\t\t\n\t\t\t\t<div class=\"info-box-content\">\n\t\t\t\t\t\n\t\t\t\t\t\t\t\t\t\t\t<h4\t\t\t\t\t\tclass=\"info-box-title title box-title-style-default wd-fontsize-m\" data-elementor-setting-key=\"title\">\n\t\t\t\t\t\t\t\tMake it yours\t\t\t\t\t\t<\/h4>\n\t\t\t\t\t\n\t\t\t\t\t<div class=\"info-box-inner reset-last-child\"data-elementor-setting-key=\"content\"><p>With custom colorway and organization accessories<\/p>\n<\/div>\n\n\t\t\t\t\t\t\t\t\t<\/div>\n\n\t\t\t\t\t\t\t<\/div>\n\t\t<\/div>\n\t\t\t\t\t\t\t\t\t\t\t\t\t\t\t\t\t\t\t\t\t\t\t\t<div class=\"info-box-wrapper wd-carousel-item\">\n\t\t\t<div class=\"wd-info-box text-center box-icon-align-top box-style-bg-hover color-scheme-  elementor-repeater-item-aabef88 color-scheme-hover-dark\">\n\t\t\t\t\t\t\t\t\t<div class=\"box-icon-wrapper  box-with-icon box-icon-simple\">\n\t\t\t\t\t\t<div class=\"info-box-icon\">\n\t\t\t\t\t\t\t\t\t\t\t\t\t\t\t<div class=\"info-svg-wrapper\" style=\"width:64px; height:64px;\"><img  loading=\"lazy\" width=\"64\" height=\"64\"><\/div>\t\t\t\t\t\t\t\t\t\t\t\t\t<\/div>\n\t\t\t\t\t<\/div>\n\t\t\t\t\n\t\t\t\t<div class=\"info-box-content\">\n\t\t\t\t\t\n\t\t\t\t\t\t\t\t\t\t\t<h4\t\t\t\t\t\tclass=\"info-box-title title box-title-style-default wd-fontsize-m\" data-elementor-setting-key=\"title\">\n\t\t\t\t\t\t\t\tWireless\t\t\t\t\t\t<\/h4>\n\t\t\t\t\t\n\t\t\t\t\t<div class=\"info-box-inner reset-last-child\"data-elementor-setting-key=\"content\"><p>Lightspeed and bluetooth max comfort for your<\/p>\n<\/div>\n\n\t\t\t\t\t\t\t\t\t<\/div>\n\n\t\t\t\t\t\t\t<\/div>\n\t\t<\/div>\n\t\t\t\t\t\t\t\t\t\t\t\t\t<\/div>\n\t\t\t\t<\/div>\n\n\t\t\t\t\t\t\t\t\t\t\t<div class=\"wd-nav-arrows wd-pos-sep wd-hover-1 wd-icon-1\">\n\t\t\t<div class=\"wd-btn-arrow wd-prev wd-disabled\">\n\t\t\t\t<div class=\"wd-arrow-inner\"><\/div>\n\t\t\t<\/div>\n\t\t\t<div class=\"wd-btn-arrow wd-next\">\n\t\t\t\t<div class=\"wd-arrow-inner\"><\/div>\n\t\t\t<\/div>\n\t\t<\/div>\n\t\t\t\t\t\t\t\t\t<\/div>\n\n\t\t\t\t\t\t\t\t<\/div>\n\t\t\t\t\t\t<\/div>\n\t\t\t\t<\/div>\n\t\t\t\t\t<\/div>\n\t\t\t\t<\/div>\n\t\t<div class=\"wd-negative-gap elementor-element elementor-element-f59eef e-flex e-con-boxed e-con e-parent\" data-id=\"f59eef\" data-element_type=\"container\">\n\t\t\t\t\t<div class=\"e-con-inner\">\n\t\t\t\t<div class=\"elementor-element elementor-element-6568d80b wd-width-100 elementor-widget elementor-widget-wd_title\" data-id=\"6568d80b\" data-element_type=\"widget\" data-widget_type=\"wd_title.default\">\n\t\t\t\t<div class=\"elementor-widget-container\">\n\t\t\t\t\t\t\t<div class=\"title-wrapper wd-set-mb reset-last-child wd-title-color-default wd-title-style-default wd-title-size-small text-left\">\n\n\t\t\t\n\t\t\t<div class=\"liner-continer\">\n\t\t\t\t<h4 class=\"woodmart-title-container title wd-fontsize-m\">Hear and be heard<\/h4> \n\t\t\t\t\t\t\t<\/div>\n\n\t\t\t\t\t<\/div>\n\t\t\t\t\t\t<\/div>\n\t\t\t\t<\/div>\n\t\t\t\t<div class=\"elementor-element elementor-element-1828afc elementor-widget elementor-widget-wd_text_block\" data-id=\"1828afc\" data-element_type=\"widget\" data-widget_type=\"wd_text_block.default\">\n\t\t\t\t<div class=\"elementor-widget-container\">\n\t\t\t\t\t\t\t<div class=\"wd-text-block reset-last-child text-left\">\n\t\t\t\n\t\t\t<p>The copy warned the Little Blind Text, that where it came from it would have been rewritten a thousand times and everything that was left from its origin would be the word \"and\" and the Little Blind Text should turn around and return to its own, safe country. But nothing the copy said could convince her and so it didn\u2019t take long until a few insidious Copy Writers ambushed her, made her drunk with Longe and Parole and dragged her into their agency, where they abused her for their projects again and again.<\/p>\n\t\t\t\t\t<\/div>\n\t\t\t\t\t\t<\/div>\n\t\t\t\t<\/div>\n\t\t\t\t<div class=\"elementor-element elementor-element-100c25e9 elementor-widget elementor-widget-wd_image_or_svg\" data-id=\"100c25e9\" data-element_type=\"widget\" data-widget_type=\"wd_image_or_svg.default\">\n\t\t\t\t<div class=\"elementor-widget-container\">\n\t\t\t\t\t\n\t\t<div class=\"wd-image text-center\">\n\t\t\t\t\t\t\t\t\t\t\t\t\t<\/div>\n\n\t\t\t\t\t\t<\/div>\n\t\t\t\t<\/div>\n\t\t\t\t\t<\/div>\n\t\t\t\t<\/div>\n\t\t<div class=\"wd-negative-gap elementor-element elementor-element-21832aab e-flex e-con-boxed e-con e-parent\" data-id=\"21832aab\" data-element_type=\"container\">\n\t\t\t\t\t<div class=\"e-con-inner\">\n\t\t\t\t<div class=\"elementor-element elementor-element-6f737bc wd-width-100 elementor-widget elementor-widget-wd_title\" data-id=\"6f737bc\" data-element_type=\"widget\" data-widget_type=\"wd_title.default\">\n\t\t\t\t<div class=\"elementor-widget-container\">\n\t\t\t\t\t\t\t<div class=\"title-wrapper wd-set-mb reset-last-child wd-title-color-default wd-title-style-default wd-title-size-small text-left\">\n\n\t\t\t\n\t\t\t<div class=\"liner-continer\">\n\t\t\t\t<h4 class=\"woodmart-title-container title wd-fontsize-m\">Costumize your headset<\/h4> \n\t\t\t\t\t\t\t<\/div>\n\n\t\t\t\t\t<\/div>\n\t\t\t\t\t\t<\/div>\n\t\t\t\t<\/div>\n\t\t\t\t<div class=\"elementor-element elementor-element-79302477 elementor-widget elementor-widget-wd_text_block\" data-id=\"79302477\" data-element_type=\"widget\" data-widget_type=\"wd_text_block.default\">\n\t\t\t\t<div class=\"elementor-widget-container\">\n\t\t\t\t\t\t\t<div class=\"wd-text-block reset-last-child text-left\">\n\t\t\t\n\t\t\t<p>Time is precious for professionals. Therefore, the MacBook Pro M1 Pro received an increase in autonomy and support for fast charging in order not to waste the most valuable resource. You can compile up to four times more code in Xcode and spend up to twice as long processing images in Lightroom Classic20 before the battery dies.<\/p>\n\t\t\t\t\t<\/div>\n\t\t\t\t\t\t<\/div>\n\t\t\t\t<\/div>\n\t\t\t\t<div class=\"elementor-element elementor-element-42204745 wd-width-100 elementor-widget elementor-widget-wd_images_gallery\" data-id=\"42204745\" data-element_type=\"widget\" data-widget_type=\"wd_images_gallery.default\">\n\t\t\t\t<div class=\"elementor-widget-container\">\n\t\t\t\t\t\t\t<div class=\"wd-images-gallery photoswipe-images\" style=\"--wd-align-items:center; --wd-justify-content:center;\">\n\t\t\t\t\t\t<div class=\"wd-grid-g\" style=\"--wd-col-lg:3;--wd-col-md:2;--wd-col-sm:1;--wd-gap-lg:0px;\" >\n\t\t\t\t\t\t\t\t\t\t\t\t\t\t\t\t\t\t\t\t\t\t\t\t\t\t\t\t\t\t\t<\/div>\n\t\t\t\t\t<\/div>\n\t\t\t\t\t\t<\/div>\n\t\t\t\t<\/div>\n\t\t\t\t\t<\/div>\n\t\t\t\t<\/div>\n\t\t\t\t<\/div>","protected":false},"excerpt":{"rendered":"<p><b>Optimisez votre logistique avec nos \u00e9tiquettes haute performance.<\/b><span style=\"font-weight: 400;\"> Ce pack de 7 rouleaux est la solution id\u00e9ale pour les professionnels ayant besoin d&rsquo;un \u00e9tiquetage pr\u00e9cis, rapide et durable. Que ce soit pour l&rsquo;adressage, l&rsquo;inventaire ou le code-barres, profitez d&rsquo;une impression nette sans jamais utiliser d&rsquo;encre.<\/span><\/p>\n<p><b>\u00a0Contenu du Pack<\/b><\/p>\n<ul>\n<li style=\"font-weight: 400;\" aria-level=\"1\"><b>Quantit\u00e9 totale :<\/b><span style=\"font-weight: 400;\"> 14 000 \u00e9tiquettes (7 rouleaux de 2000 unit\u00e9s).<\/span><\/li>\n<li style=\"font-weight: 400;\" aria-level=\"1\"><b>Format :<\/b><span style=\"font-weight: 400;\"> 40 x 20 mm (Largeur x Hauteur).<\/span><\/li>\n<\/ul>\n<p><b>Technologie :<\/b><span style=\"font-weight: 400;\"> Thermique direct (pas de ruban encreur requis).<\/span><\/p>\n<p><b>\u00a0Les Points Forts de notre Produit<\/b><\/p>\n<ul>\n<li style=\"font-weight: 400;\" aria-level=\"1\"><b>Qualit\u00e9 d&rsquo;Impression Sup\u00e9rieure :<\/b><span style=\"font-weight: 400;\"> Papier thermique haute sensibilit\u00e9 garantissant un contraste parfait pour une lecture instantan\u00e9e par les douchettes et scanners.<\/span><\/li>\n<li style=\"font-weight: 400;\" aria-level=\"1\"><b>Adh\u00e9sif Renforc\u00e9 :<\/b><span style=\"font-weight: 400;\"> Une adh\u00e9rence imm\u00e9diate et permanente sur de nombreux supports (carton, papier, plastique, verre).<\/span><\/li>\n<li style=\"font-weight: 400;\" aria-level=\"1\"><b>Compatibilit\u00e9 Universelle :<\/b><span style=\"font-weight: 400;\"> \u00c9quip\u00e9 d&rsquo;un <\/span><b>mandrin de 25 mm<\/b><span style=\"font-weight: 400;\">, ce format est compatible avec la majorit\u00e9 des imprimantes de bureau (Zebra, Honeywell, Sato, TSC, Brother, etc.).<\/span><\/li>\n<li style=\"font-weight: 400;\" aria-level=\"1\"><b>\u00c9conomique et Pratique :<\/b><span style=\"font-weight: 400;\"> Le conditionnement en 1 piste permet une alimentation fluide de l&rsquo;imprimante, \u00e9vitant les bourrages papier.<\/span><\/li>\n<li aria-level=\"1\"><b>\u00a0Caract\u00e9ristiques Techniques<\/b><br \/>\n<table>\n<thead>\n<tr>\n<th><b>Caract\u00e9ristique<\/b><\/th>\n<th><b>D\u00e9tails<\/b><\/th>\n<\/tr>\n<\/thead>\n<tbody>\n<tr>\n<td><b>Dimensions<\/b><\/td>\n<td><span style=\"font-weight: 400;\">40 mm x 20 mm<\/span><\/td>\n<\/tr>\n<tr>\n<td><b>Diam\u00e8tre du Mandrin<\/b><\/td>\n<td><span style=\"font-weight: 400;\">25 mm (1 pouce)<\/span><\/td>\n<\/tr>\n<tr>\n<td><b>Type de Papier<\/b><\/td>\n<td><span style=\"font-weight: 400;\">Thermique Direct (Eco)<\/span><\/td>\n<\/tr>\n<tr>\n<td><b>Disposition<\/b><\/td>\n<td><span style=\"font-weight: 400;\">1 piste (frontale)<\/span><\/td>\n<\/tr>\n<tr>\n<td><b>Quantit\u00e9 par rouleau<\/b><\/td>\n<td><span style=\"font-weight: 400;\">2000 \u00e9tiquettes<\/span><\/td>\n<\/tr>\n<\/tbody>\n<\/table>\n<\/li>\n<\/ul>\n<p><b>Exemples d&rsquo;Utilisation<\/b><\/p>\n<ul>\n<li style=\"font-weight: 400;\" aria-level=\"1\"><b>E-commerce :<\/b><span style=\"font-weight: 400;\"> \u00c9tiquettes d&rsquo;exp\u00e9dition et suivi de colis.<\/span><\/li>\n<li style=\"font-weight: 400;\" aria-level=\"1\"><b>Commerce de d\u00e9tail :<\/b><span style=\"font-weight: 400;\"> \u00c9tiquetage de prix et promotions.<\/span><\/li>\n<li style=\"font-weight: 400;\" aria-level=\"1\"><b>Logistique :<\/b><span style=\"font-weight: 400;\"> Gestion de stock, codes-barres et inventaire.<\/span><\/li>\n<li style=\"font-weight: 400;\" aria-level=\"1\"><b>Alimentaire :<\/b><span style=\"font-weight: 400;\"> Dates de p\u00e9remption (stockage sec).<\/span><\/li>\n<\/ul>\n<p><b>Conseil d&rsquo;expert :<\/b><span style=\"font-weight: 400;\"> Pour conserver une blancheur optimale et une lecture parfaite du thermique, nous vous recommandons de stocker vos rouleaux \u00e0 l&rsquo;abri de la lumi\u00e8re directe du soleil et de l&rsquo;humidit\u00e9.<\/span><\/p>","protected":false},"featured_media":10697,"template":"","meta":[],"product_brand":[],"product_cat":[139,149,144,135],"product_tag":[],"class_list":{"0":"post-1369","1":"product","2":"type-product","3":"status-publish","4":"has-post-thumbnail","6":"product_cat-etiquette-autocollantes","7":"product_cat-etiquette-en-rlx-papier-thermique","8":"product_cat-etiquette-papier-pour-impression-et-code-a-barre","9":"product_cat-etiquettes","11":"first","12":"instock","13":"shipping-taxable","14":"purchasable","15":"product-type-simple"},"yoast_head":"<!-- This site is optimized with the Yoast SEO plugin v26.9 - https:\/\/yoast.com\/product\/yoast-seo-wordpress\/ -->\n<title>\u00c9tiquettes Thermiques 40x20mm \u2013 14000 \u00c9tiq. | Pack Alliance<\/title>\n<meta name=\"description\" content=\"Pack 7 rouleaux \u00e9tiquettes thermiques 40x20mm \u2013 14000 \u00e9tiquettes sans ruban. Livraison rapide Tunisie. Commandez chez Pack Alliance.\" \/>\n<meta name=\"robots\" content=\"index, follow, max-snippet:-1, max-image-preview:large, max-video-preview:-1\" \/>\n<link rel=\"canonical\" href=\"https:\/\/packalliance.tn\/en\/product\/etiquettes-thermiques-40x20mm-14000\/\" \/>\n<meta property=\"og:locale\" content=\"en_US\" \/>\n<meta property=\"og:type\" content=\"article\" \/>\n<meta property=\"og:title\" content=\"\u00c9tiquettes Thermiques 40x20mm \u2013 14000 \u00c9tiq. | Pack Alliance\" \/>\n<meta property=\"og:description\" content=\"Pack 7 rouleaux \u00e9tiquettes thermiques 40x20mm \u2013 14000 \u00e9tiquettes sans ruban. Livraison rapide Tunisie. Commandez chez Pack Alliance.\" \/>\n<meta property=\"og:url\" content=\"https:\/\/packalliance.tn\/en\/product\/etiquettes-thermiques-40x20mm-14000\/\" \/>\n<meta property=\"og:site_name\" content=\"Pack Alliance\" \/>\n<meta property=\"article:modified_time\" content=\"2026-03-12T10:05:59+00:00\" \/>\n<meta property=\"og:image\" content=\"https:\/\/packalliance.tn\/wp-content\/uploads\/2022\/12\/etiq-mat-150x100-2.jpg\" \/>\n\t<meta property=\"og:image:width\" content=\"800\" \/>\n\t<meta property=\"og:image:height\" content=\"800\" \/>\n\t<meta property=\"og:image:type\" content=\"image\/jpeg\" \/>\n<meta name=\"twitter:card\" content=\"summary_large_image\" \/>\n<meta name=\"twitter:label1\" content=\"Est. reading time\" \/>\n\t<meta name=\"twitter:data1\" content=\"3 minutes\" \/>\n<script type=\"application\/ld+json\" class=\"yoast-schema-graph\">{\"@context\":\"https:\/\/schema.org\",\"@graph\":[{\"@type\":\"WebPage\",\"@id\":\"https:\/\/packalliance.tn\/product\/etiquettes-thermiques-40x20mm-14000\/\",\"url\":\"https:\/\/packalliance.tn\/product\/etiquettes-thermiques-40x20mm-14000\/\",\"name\":\"\u00c9tiquettes Thermiques 40x20mm \u2013 14000 \u00c9tiq. | Pack Alliance\",\"isPartOf\":{\"@id\":\"https:\/\/packalliance.tn\/#website\"},\"primaryImageOfPage\":{\"@id\":\"https:\/\/packalliance.tn\/product\/etiquettes-thermiques-40x20mm-14000\/#primaryimage\"},\"image\":{\"@id\":\"https:\/\/packalliance.tn\/product\/etiquettes-thermiques-40x20mm-14000\/#primaryimage\"},\"thumbnailUrl\":\"https:\/\/packalliance.tn\/wp-content\/uploads\/2022\/12\/etiq-mat-150x100-2.jpg\",\"datePublished\":\"2022-12-09T14:17:41+00:00\",\"dateModified\":\"2026-03-12T10:05:59+00:00\",\"description\":\"Pack 7 rouleaux \u00e9tiquettes thermiques 40x20mm \u2013 14000 \u00e9tiquettes sans ruban. Livraison rapide Tunisie. Commandez chez Pack Alliance.\",\"breadcrumb\":{\"@id\":\"https:\/\/packalliance.tn\/product\/etiquettes-thermiques-40x20mm-14000\/#breadcrumb\"},\"inLanguage\":\"en-US\",\"potentialAction\":[{\"@type\":\"ReadAction\",\"target\":[\"https:\/\/packalliance.tn\/product\/etiquettes-thermiques-40x20mm-14000\/\"]}]},{\"@type\":\"ImageObject\",\"inLanguage\":\"en-US\",\"@id\":\"https:\/\/packalliance.tn\/product\/etiquettes-thermiques-40x20mm-14000\/#primaryimage\",\"url\":\"https:\/\/packalliance.tn\/wp-content\/uploads\/2022\/12\/etiq-mat-150x100-2.jpg\",\"contentUrl\":\"https:\/\/packalliance.tn\/wp-content\/uploads\/2022\/12\/etiq-mat-150x100-2.jpg\",\"width\":800,\"height\":800,\"caption\":\"etiquettes Thermiques 40x20mm 14000 Pack 7 Pack Alliance\"},{\"@type\":\"BreadcrumbList\",\"@id\":\"https:\/\/packalliance.tn\/product\/etiquettes-thermiques-40x20mm-14000\/#breadcrumb\",\"itemListElement\":[{\"@type\":\"ListItem\",\"position\":1,\"name\":\"Accueil\",\"item\":\"https:\/\/packalliance.tn\/\"},{\"@type\":\"ListItem\",\"position\":2,\"name\":\"Boutique\",\"item\":\"https:\/\/packalliance.tn\/boutique-etiquettes-tunisie\/\"},{\"@type\":\"ListItem\",\"position\":3,\"name\":\"Pack de 7 Rouleaux d&rsquo;\u00c9tiquettes Thermiques 40&#215;20 mm (14 000 \u00c9tiquettes)\"}]},{\"@type\":\"WebSite\",\"@id\":\"https:\/\/packalliance.tn\/#website\",\"url\":\"https:\/\/packalliance.tn\/\",\"name\":\"Pack Alliance\",\"description\":\"\",\"potentialAction\":[{\"@type\":\"SearchAction\",\"target\":{\"@type\":\"EntryPoint\",\"urlTemplate\":\"https:\/\/packalliance.tn\/?s={search_term_string}\"},\"query-input\":{\"@type\":\"PropertyValueSpecification\",\"valueRequired\":true,\"valueName\":\"search_term_string\"}}],\"inLanguage\":\"en-US\"}]}<\/script>\n<!-- \/ Yoast SEO plugin. -->","yoast_head_json":{"title":"\u00c9tiquettes Thermiques 40x20mm \u2013 14000 \u00c9tiq. | Pack Alliance","description":"Pack 7 rouleaux \u00e9tiquettes thermiques 40x20mm \u2013 14000 \u00e9tiquettes sans ruban. Livraison rapide Tunisie. Commandez chez Pack Alliance.","robots":{"index":"index","follow":"follow","max-snippet":"max-snippet:-1","max-image-preview":"max-image-preview:large","max-video-preview":"max-video-preview:-1"},"canonical":"https:\/\/packalliance.tn\/en\/product\/etiquettes-thermiques-40x20mm-14000\/","og_locale":"en_US","og_type":"article","og_title":"\u00c9tiquettes Thermiques 40x20mm \u2013 14000 \u00c9tiq. | Pack Alliance","og_description":"Pack 7 rouleaux \u00e9tiquettes thermiques 40x20mm \u2013 14000 \u00e9tiquettes sans ruban. Livraison rapide Tunisie. Commandez chez Pack Alliance.","og_url":"https:\/\/packalliance.tn\/en\/product\/etiquettes-thermiques-40x20mm-14000\/","og_site_name":"Pack Alliance","article_modified_time":"2026-03-12T10:05:59+00:00","og_image":[{"width":800,"height":800,"url":"https:\/\/packalliance.tn\/wp-content\/uploads\/2022\/12\/etiq-mat-150x100-2.jpg","type":"image\/jpeg"}],"twitter_card":"summary_large_image","twitter_misc":{"Est. reading time":"3 minutes"},"schema":{"@context":"https:\/\/schema.org","@graph":[{"@type":"WebPage","@id":"https:\/\/packalliance.tn\/product\/etiquettes-thermiques-40x20mm-14000\/","url":"https:\/\/packalliance.tn\/product\/etiquettes-thermiques-40x20mm-14000\/","name":"\u00c9tiquettes Thermiques 40x20mm \u2013 14000 \u00c9tiq. | Pack Alliance","isPartOf":{"@id":"https:\/\/packalliance.tn\/#website"},"primaryImageOfPage":{"@id":"https:\/\/packalliance.tn\/product\/etiquettes-thermiques-40x20mm-14000\/#primaryimage"},"image":{"@id":"https:\/\/packalliance.tn\/product\/etiquettes-thermiques-40x20mm-14000\/#primaryimage"},"thumbnailUrl":"https:\/\/packalliance.tn\/wp-content\/uploads\/2022\/12\/etiq-mat-150x100-2.jpg","datePublished":"2022-12-09T14:17:41+00:00","dateModified":"2026-03-12T10:05:59+00:00","description":"Pack 7 rouleaux \u00e9tiquettes thermiques 40x20mm \u2013 14000 \u00e9tiquettes sans ruban. Livraison rapide Tunisie. Commandez chez Pack Alliance.","breadcrumb":{"@id":"https:\/\/packalliance.tn\/product\/etiquettes-thermiques-40x20mm-14000\/#breadcrumb"},"inLanguage":"en-US","potentialAction":[{"@type":"ReadAction","target":["https:\/\/packalliance.tn\/product\/etiquettes-thermiques-40x20mm-14000\/"]}]},{"@type":"ImageObject","inLanguage":"en-US","@id":"https:\/\/packalliance.tn\/product\/etiquettes-thermiques-40x20mm-14000\/#primaryimage","url":"https:\/\/packalliance.tn\/wp-content\/uploads\/2022\/12\/etiq-mat-150x100-2.jpg","contentUrl":"https:\/\/packalliance.tn\/wp-content\/uploads\/2022\/12\/etiq-mat-150x100-2.jpg","width":800,"height":800,"caption":"etiquettes Thermiques 40x20mm 14000 Pack 7 Pack Alliance"},{"@type":"BreadcrumbList","@id":"https:\/\/packalliance.tn\/product\/etiquettes-thermiques-40x20mm-14000\/#breadcrumb","itemListElement":[{"@type":"ListItem","position":1,"name":"Accueil","item":"https:\/\/packalliance.tn\/"},{"@type":"ListItem","position":2,"name":"Boutique","item":"https:\/\/packalliance.tn\/boutique-etiquettes-tunisie\/"},{"@type":"ListItem","position":3,"name":"Pack de 7 Rouleaux d&rsquo;\u00c9tiquettes Thermiques 40&#215;20 mm (14 000 \u00c9tiquettes)"}]},{"@type":"WebSite","@id":"https:\/\/packalliance.tn\/#website","url":"https:\/\/packalliance.tn\/","name":"Pack Alliance","description":"","potentialAction":[{"@type":"SearchAction","target":{"@type":"EntryPoint","urlTemplate":"https:\/\/packalliance.tn\/?s={search_term_string}"},"query-input":{"@type":"PropertyValueSpecification","valueRequired":true,"valueName":"search_term_string"}}],"inLanguage":"en-US"}]}},"_links":{"self":[{"href":"https:\/\/packalliance.tn\/en\/wp-json\/wp\/v2\/product\/1369","targetHints":{"allow":["GET"]}}],"collection":[{"href":"https:\/\/packalliance.tn\/en\/wp-json\/wp\/v2\/product"}],"about":[{"href":"https:\/\/packalliance.tn\/en\/wp-json\/wp\/v2\/types\/product"}],"version-history":[{"count":5,"href":"https:\/\/packalliance.tn\/en\/wp-json\/wp\/v2\/product\/1369\/revisions"}],"predecessor-version":[{"id":10953,"href":"https:\/\/packalliance.tn\/en\/wp-json\/wp\/v2\/product\/1369\/revisions\/10953"}],"wp:featuredmedia":[{"embeddable":true,"href":"https:\/\/packalliance.tn\/en\/wp-json\/wp\/v2\/media\/10697"}],"wp:attachment":[{"href":"https:\/\/packalliance.tn\/en\/wp-json\/wp\/v2\/media?parent=1369"}],"wp:term":[{"taxonomy":"product_brand","embeddable":true,"href":"https:\/\/packalliance.tn\/en\/wp-json\/wp\/v2\/product_brand?post=1369"},{"taxonomy":"product_cat","embeddable":true,"href":"https:\/\/packalliance.tn\/en\/wp-json\/wp\/v2\/product_cat?post=1369"},{"taxonomy":"product_tag","embeddable":true,"href":"https:\/\/packalliance.tn\/en\/wp-json\/wp\/v2\/product_tag?post=1369"}],"curies":[{"name":"wp","href":"https:\/\/api.w.org\/{rel}","templated":true}]}}