{"id":118,"date":"2022-12-01T13:36:28","date_gmt":"2022-12-01T13:36:28","guid":{"rendered":"http:\/\/dummy.xtemos.com\/woodmart2\/mega-electronics-elementor\/?page_id=118"},"modified":"2026-02-13T11:25:44","modified_gmt":"2026-02-13T11:25:44","slug":"liste-de-souhaits","status":"publish","type":"page","link":"https:\/\/packalliance.tn\/en\/liste-de-souhaits\/","title":{"rendered":"Liste de souhaits"},"content":{"rendered":"<div data-elementor-type=\"wp-page\" data-elementor-id=\"118\" class=\"elementor elementor-118\">\n\t\t\t\t\t\t<section class=\"wd-negative-gap elementor-section elementor-top-section elementor-element elementor-element-f8863df elementor-section-boxed elementor-section-height-default elementor-section-height-default\" data-id=\"f8863df\" data-element_type=\"section\">\n\t\t\t\t\t\t<div class=\"elementor-container elementor-column-gap-default\">\n\t\t\t\t\t<div class=\"elementor-column elementor-col-100 elementor-top-column elementor-element elementor-element-521f086\" data-id=\"521f086\" data-element_type=\"column\">\n\t\t\t<div class=\"elementor-widget-wrap elementor-element-populated\">\n\t\t\t\t\t\t<div class=\"elementor-element elementor-element-e2ed285 elementor-widget elementor-widget-wd_wishlist\" data-id=\"e2ed285\" data-element_type=\"widget\" data-widget_type=\"wd_wishlist.default\">\n\t\t\t\t<div class=\"elementor-widget-container\">\n\t\t\t\t\t\t\t\n\t\t\n\n\t\t\t\t<div class=\"\" >\n\t\t\t\t\t\t<div class=\"wd-wishlist-content\">\n\t\t\t\t\t\t\t\t\t\t\t\n\t\t<p class=\"wd-empty-wishlist wd-empty-page\">\n\t\t\tCette liste d&#039;envies est vide.\t\t<\/p>\n\n\t\t\t\t\t<div class=\"wd-empty-page-text\">\n\t\t\t\tVous n\u2019avez encore ajout\u00e9 aucun produit \u00e0 votre liste de souhaits. Vous trouverez de nombreux produits int\u00e9ressants sur notre page \u00ab Boutique \u00bb.\t\t\t<\/div>\n\t\t\n\t\t\n\t\t\t\t\t<p class=\"return-to-shop\">\n\t\t\t\t<a class=\"button\" href=\"https:\/\/packalliance.tn\/en\/boutique-etiquettes-tunisie\/\">\n\t\t\t\t\tRetour \u00e0 la boutique\t\t\t\t<\/a>\n\t\t\t<\/p>\n\t\t\t\t\t\t\t\t\t\t\t<\/div>\n\t\t\t\t<\/div>\n\t\t\t\t\t\t<\/div>\n\t\t\t\t<\/div>\n\t\t\t\t\t<\/div>\n\t\t<\/div>\n\t\t\t\t\t<\/div>\n\t\t<\/section>\n\t\t\t\t<\/div>","protected":false},"excerpt":{"rendered":"<p>My account Dashboard Orders Downloads Addresses Account details Wishlist Logout Your products wishlist Share: Remove Select all Deselect all<\/p>","protected":false},"author":1,"featured_media":0,"parent":0,"menu_order":0,"comment_status":"closed","ping_status":"closed","template":"","meta":{"footnotes":""},"class_list":["post-118","page","type-page","status-publish","hentry"],"yoast_head":"<!-- This site is optimized with the Yoast SEO plugin v26.9 - https:\/\/yoast.com\/product\/yoast-seo-wordpress\/ -->\n<title>Liste de souhaits | Pack\u2019Alliance Tunisie<\/title>\n<meta name=\"description\" content=\"Enregistrez vos produits pr\u00e9f\u00e9r\u00e9s dans votre liste de souhaits et retrouvez facilement vos \u00e9tiquettes et imprimantes en Tunisie.\" \/>\n<meta name=\"robots\" content=\"noindex, follow\" \/>\n<meta property=\"og:locale\" content=\"en_US\" \/>\n<meta property=\"og:type\" content=\"article\" \/>\n<meta property=\"og:title\" content=\"Liste de souhaits | Pack\u2019Alliance Tunisie\" \/>\n<meta property=\"og:description\" content=\"Enregistrez vos produits pr\u00e9f\u00e9r\u00e9s dans votre liste de souhaits et retrouvez facilement vos \u00e9tiquettes et imprimantes en Tunisie.\" \/>\n<meta property=\"og:url\" content=\"https:\/\/packalliance.tn\/en\/liste-de-souhaits\/\" \/>\n<meta property=\"og:site_name\" content=\"Pack Alliance\" \/>\n<meta property=\"article:modified_time\" content=\"2026-02-13T11:25:44+00:00\" \/>\n<meta name=\"twitter:card\" content=\"summary_large_image\" \/>\n<meta name=\"twitter:label1\" content=\"Est. reading time\" \/>\n\t<meta name=\"twitter:data1\" content=\"1 minute\" \/>\n<script type=\"application\/ld+json\" class=\"yoast-schema-graph\">{\"@context\":\"https:\/\/schema.org\",\"@graph\":[{\"@type\":\"WebPage\",\"@id\":\"https:\/\/packalliance.tn\/liste-de-souhaits\/\",\"url\":\"https:\/\/packalliance.tn\/liste-de-souhaits\/\",\"name\":\"Liste de souhaits | Pack\u2019Alliance Tunisie\",\"isPartOf\":{\"@id\":\"https:\/\/packalliance.tn\/#website\"},\"datePublished\":\"2022-12-01T13:36:28+00:00\",\"dateModified\":\"2026-02-13T11:25:44+00:00\",\"description\":\"Enregistrez vos produits pr\u00e9f\u00e9r\u00e9s dans votre liste de souhaits et retrouvez facilement vos \u00e9tiquettes et imprimantes en Tunisie.\",\"breadcrumb\":{\"@id\":\"https:\/\/packalliance.tn\/liste-de-souhaits\/#breadcrumb\"},\"inLanguage\":\"en-US\",\"potentialAction\":[{\"@type\":\"ReadAction\",\"target\":[\"https:\/\/packalliance.tn\/liste-de-souhaits\/\"]}]},{\"@type\":\"BreadcrumbList\",\"@id\":\"https:\/\/packalliance.tn\/liste-de-souhaits\/#breadcrumb\",\"itemListElement\":[{\"@type\":\"ListItem\",\"position\":1,\"name\":\"Accueil\",\"item\":\"https:\/\/packalliance.tn\/\"},{\"@type\":\"ListItem\",\"position\":2,\"name\":\"Liste de souhaits\"}]},{\"@type\":\"WebSite\",\"@id\":\"https:\/\/packalliance.tn\/#website\",\"url\":\"https:\/\/packalliance.tn\/\",\"name\":\"Pack Alliance\",\"description\":\"\",\"potentialAction\":[{\"@type\":\"SearchAction\",\"target\":{\"@type\":\"EntryPoint\",\"urlTemplate\":\"https:\/\/packalliance.tn\/?s={search_term_string}\"},\"query-input\":{\"@type\":\"PropertyValueSpecification\",\"valueRequired\":true,\"valueName\":\"search_term_string\"}}],\"inLanguage\":\"en-US\"}]}<\/script>\n<!-- \/ Yoast SEO plugin. -->","yoast_head_json":{"title":"Liste de souhaits | Pack\u2019Alliance Tunisie","description":"Enregistrez vos produits pr\u00e9f\u00e9r\u00e9s dans votre liste de souhaits et retrouvez facilement vos \u00e9tiquettes et imprimantes en Tunisie.","robots":{"index":"noindex","follow":"follow"},"og_locale":"en_US","og_type":"article","og_title":"Liste de souhaits | Pack\u2019Alliance Tunisie","og_description":"Enregistrez vos produits pr\u00e9f\u00e9r\u00e9s dans votre liste de souhaits et retrouvez facilement vos \u00e9tiquettes et imprimantes en Tunisie.","og_url":"https:\/\/packalliance.tn\/en\/liste-de-souhaits\/","og_site_name":"Pack Alliance","article_modified_time":"2026-02-13T11:25:44+00:00","twitter_card":"summary_large_image","twitter_misc":{"Est. reading time":"1 minute"},"schema":{"@context":"https:\/\/schema.org","@graph":[{"@type":"WebPage","@id":"https:\/\/packalliance.tn\/liste-de-souhaits\/","url":"https:\/\/packalliance.tn\/liste-de-souhaits\/","name":"Liste de souhaits | Pack\u2019Alliance Tunisie","isPartOf":{"@id":"https:\/\/packalliance.tn\/#website"},"datePublished":"2022-12-01T13:36:28+00:00","dateModified":"2026-02-13T11:25:44+00:00","description":"Enregistrez vos produits pr\u00e9f\u00e9r\u00e9s dans votre liste de souhaits et retrouvez facilement vos \u00e9tiquettes et imprimantes en Tunisie.","breadcrumb":{"@id":"https:\/\/packalliance.tn\/liste-de-souhaits\/#breadcrumb"},"inLanguage":"en-US","potentialAction":[{"@type":"ReadAction","target":["https:\/\/packalliance.tn\/liste-de-souhaits\/"]}]},{"@type":"BreadcrumbList","@id":"https:\/\/packalliance.tn\/liste-de-souhaits\/#breadcrumb","itemListElement":[{"@type":"ListItem","position":1,"name":"Accueil","item":"https:\/\/packalliance.tn\/"},{"@type":"ListItem","position":2,"name":"Liste de souhaits"}]},{"@type":"WebSite","@id":"https:\/\/packalliance.tn\/#website","url":"https:\/\/packalliance.tn\/","name":"Pack Alliance","description":"","potentialAction":[{"@type":"SearchAction","target":{"@type":"EntryPoint","urlTemplate":"https:\/\/packalliance.tn\/?s={search_term_string}"},"query-input":{"@type":"PropertyValueSpecification","valueRequired":true,"valueName":"search_term_string"}}],"inLanguage":"en-US"}]}},"_links":{"self":[{"href":"https:\/\/packalliance.tn\/en\/wp-json\/wp\/v2\/pages\/118","targetHints":{"allow":["GET"]}}],"collection":[{"href":"https:\/\/packalliance.tn\/en\/wp-json\/wp\/v2\/pages"}],"about":[{"href":"https:\/\/packalliance.tn\/en\/wp-json\/wp\/v2\/types\/page"}],"author":[{"embeddable":true,"href":"https:\/\/packalliance.tn\/en\/wp-json\/wp\/v2\/users\/1"}],"replies":[{"embeddable":true,"href":"https:\/\/packalliance.tn\/en\/wp-json\/wp\/v2\/comments?post=118"}],"version-history":[{"count":1,"href":"https:\/\/packalliance.tn\/en\/wp-json\/wp\/v2\/pages\/118\/revisions"}],"predecessor-version":[{"id":11077,"href":"https:\/\/packalliance.tn\/en\/wp-json\/wp\/v2\/pages\/118\/revisions\/11077"}],"wp:attachment":[{"href":"https:\/\/packalliance.tn\/en\/wp-json\/wp\/v2\/media?parent=118"}],"curies":[{"name":"wp","href":"https:\/\/api.w.org\/{rel}","templated":true}]}}